{"id":58,"date":"2022-10-22T18:27:25","date_gmt":"2022-10-22T16:27:25","guid":{"rendered":"http:\/\/www.dinard-sensations-tractees.fr\/?page_id=58"},"modified":"2025-03-17T19:43:16","modified_gmt":"2025-03-17T18:43:16","slug":"groupe","status":"publish","type":"page","link":"https:\/\/www.dinard-sensations-tractees.fr\/fr\/groupe\/","title":{"rendered":"Groupe"},"content":{"rendered":"<p>[et_pb_section fb_built=\u00a0\u00bb1&Prime; fullwidth=\u00a0\u00bbon\u00a0\u00bb _builder_version=\u00a0\u00bb4.18.0&Prime; _module_preset=\u00a0\u00bbdefault\u00a0\u00bb width=\u00a0\u00bb100%\u00a0\u00bb max_width=\u00a0\u00bb100%\u00a0\u00bb custom_padding=\u00a0\u00bb||0px||false|false\u00a0\u00bb global_colors_info=\u00a0\u00bb{}\u00a0\u00bb][et_pb_fullwidth_header text_orientation=\u00a0\u00bbcenter\u00a0\u00bb title_tablet=\u00a0\u00bb\u00a0\u00bb title_phone=\u00a0\u00bb\u00a0\u00bb title_last_edited=\u00a0\u00bbon|desktop\u00a0\u00bb _builder_version=\u00a0\u00bb4.18.0&Prime; _module_preset=\u00a0\u00bbdefault\u00a0\u00bb title_text_align=\u00a0\u00bbcenter\u00a0\u00bb title_text_color=\u00a0\u00bb#FFFFFF\u00a0\u00bb title_font_size=\u00a0\u00bb31px\u00a0\u00bb title_letter_spacing=\u00a0\u00bb1px\u00a0\u00bb content_text_align=\u00a0\u00bbcenter\u00a0\u00bb content_font_size=\u00a0\u00bb16px\u00a0\u00bb content_ol_font_size=\u00a0\u00bb15px\u00a0\u00bb background_image=\u00a0\u00bbhttps:\/\/www.dinard-sensations-tractees.fr\/wp-content\/uploads\/2025\/02\/DINARD-SENSATIONS.jpg\u00a0\u00bb background_position=\u00a0\u00bbbottom_left\u00a0\u00bb background_horizontal_offset=\u00a0\u00bb0%\u00a0\u00bb background_vertical_offset=\u00a0\u00bb59%\u00a0\u00bb width=\u00a0\u00bb100%\u00a0\u00bb max_width=\u00a0\u00bb100%\u00a0\u00bb min_height=\u00a0\u00bb533px\u00a0\u00bb min_height_tablet=\u00a0\u00bb264px\u00a0\u00bb min_height_phone=\u00a0\u00bb264px\u00a0\u00bb min_height_last_edited=\u00a0\u00bbon|desktop\u00a0\u00bb custom_margin=\u00a0\u00bb||0px||false|false\u00a0\u00bb custom_padding=\u00a0\u00bb||0px||false|false\u00a0\u00bb background_last_edited=\u00a0\u00bbon|phone\u00a0\u00bb parallax_phone=\u00a0\u00bboff\u00a0\u00bb background_size_phone=\u00a0\u00bbcover\u00a0\u00bb background_horizontal_offset_phone=\u00a0\u00bb-1%\u00a0\u00bb content_text_shadow_style=\u00a0\u00bbpreset1&Prime; content_text_shadow_vertical_length=\u00a0\u00bb0.05em\u00a0\u00bb border_width_top=\u00a0\u00bb5px\u00a0\u00bb border_color_top=\u00a0\u00bb#E00B00&Prime; border_width_bottom=\u00a0\u00bb5px\u00a0\u00bb border_color_bottom=\u00a0\u00bb#E00B00&Prime; locked=\u00a0\u00bboff\u00a0\u00bb global_colors_info=\u00a0\u00bb{}\u00a0\u00bb]<\/p>\n<p>&nbsp;<\/p>\n<p>&nbsp;<\/p>\n<p>[\/et_pb_fullwidth_header][\/et_pb_section][et_pb_section fb_built=\u00a0\u00bb1&Prime; _builder_version=\u00a0\u00bb4.18.0&Prime; _module_preset=\u00a0\u00bbdefault\u00a0\u00bb background_image=\u00a0\u00bbhttps:\/\/www.dinard-sensations-tractees.fr\/wp-content\/uploads\/2025\/03\/PXL_20230603_121743311-scaled.jpg\u00a0\u00bb custom_margin=\u00a0\u00bb||0px||false|false\u00a0\u00bb global_colors_info=\u00a0\u00bb{}\u00a0\u00bb][et_pb_row column_structure=\u00a0\u00bb2_3,1_3&Prime; _builder_version=\u00a0\u00bb4.18.0&Prime; _module_preset=\u00a0\u00bbdefault\u00a0\u00bb width=\u00a0\u00bb81.1%\u00a0\u00bb min_height=\u00a0\u00bb338px\u00a0\u00bb custom_padding=\u00a0\u00bb20px|||0px||\u00a0\u00bb global_colors_info=\u00a0\u00bb{}\u00a0\u00bb][et_pb_column type=\u00a0\u00bb2_3&Prime; _builder_version=\u00a0\u00bb4.18.0&Prime; _module_preset=\u00a0\u00bbdefault\u00a0\u00bb global_colors_info=\u00a0\u00bb{}\u00a0\u00bb][et_pb_text _builder_version=\u00a0\u00bb4.18.0&Prime; _module_preset=\u00a0\u00bbd37bc0f3-d1b1-4b57-8659-164c53f88e24&Prime; text_font=\u00a0\u00bbArial||||||||\u00a0\u00bb custom_margin=\u00a0\u00bb|-3px||||\u00a0\u00bb custom_padding=\u00a0\u00bb7px|||||\u00a0\u00bb global_colors_info=\u00a0\u00bb{}\u00a0\u00bb]<\/p>\n<h1><strong>Groupe<\/strong><\/h1>\n<p>&nbsp;<\/p>\n<p><span style=\"color: #000000;\"><strong>Nous vous proposons une activit\u00e9 particuli\u00e8rement adapt\u00e9 pour les centres de loisirs ou les espaces parce qu\u2019elle accessible \u00e0 tout les publics \u00e0 partir de 8 ans.<\/strong><\/span><\/p>\n<p><span style=\"color: #000000;\"><strong>Le moniteur poss\u00e8de un Brevet d\u2019Etat d\u2019Educateur Sportif 2\u00e8me degr\u00e9 avec plus 20 ans d&rsquo;exp\u00e9riences pour r\u00e9pondre \u00e0 votre projet p\u00e9dagogique.<\/strong><\/span><\/p>\n<p><span style=\"color: #000000;\"><strong>Nous vous garantissons un moment de complicit\u00e9 fort entre les jeunes, afin que ces<\/strong><\/span><br \/><span style=\"color: #000000;\"><strong>derniers repartent plein de bons souvenirs en t\u00eate et en ayant v\u00e9cu une exp\u00e9rience<\/strong><\/span><br \/><span style=\"color: #000000;\"><strong>sensationnelle.<\/strong><\/span><\/p>\n<p><span style=\"color: #000000;\"><strong>Nous fournissons du mat\u00e9riel ( combinaison n\u00e9opr\u00e8ne et gilet de sauvetage) adapt\u00e9 \u00e0 toute les tailles enfants.<\/strong><\/span><\/p>\n<p>[\/et_pb_text][\/et_pb_column][et_pb_column type=\u00a0\u00bb1_3&Prime; _builder_version=\u00a0\u00bb4.18.0&Prime; _module_preset=\u00a0\u00bbdefault\u00a0\u00bb global_colors_info=\u00a0\u00bb{}\u00a0\u00bb][et_pb_image src=\u00a0\u00bbhttps:\/\/www.dinard-sensations-tractees.fr\/wp-content\/uploads\/2023\/05\/GROUPE-BOUEES-TRACTEES-scaled.jpg\u00a0\u00bb alt=\u00a0\u00bbGROUPE BOUEES TRACTEES\u00a0\u00bb title_text=\u00a0\u00bbGROUPE BOUEES TRACTEES\u00a0\u00bb _builder_version=\u00a0\u00bb4.18.0&Prime; _module_preset=\u00a0\u00bbb58051bb-6b9b-42ae-8570-b799866779cf\u00a0\u00bb min_height=\u00a0\u00bb281.7px\u00a0\u00bb custom_margin=\u00a0\u00bb||2px|||\u00a0\u00bb custom_padding=\u00a0\u00bb35px|||||\u00a0\u00bb border_width_all=\u00a0\u00bb3px\u00a0\u00bb global_colors_info=\u00a0\u00bb{}\u00a0\u00bb][\/et_pb_image][\/et_pb_column][\/et_pb_row][et_pb_row column_structure=\u00a0\u00bb2_3,1_3&Prime; _builder_version=\u00a0\u00bb4.18.0&Prime; _module_preset=\u00a0\u00bbdefault\u00a0\u00bb custom_padding=\u00a0\u00bb||0px|||\u00a0\u00bb global_colors_info=\u00a0\u00bb{}\u00a0\u00bb][et_pb_column type=\u00a0\u00bb2_3&Prime; _builder_version=\u00a0\u00bb4.18.0&Prime; _module_preset=\u00a0\u00bbdefault\u00a0\u00bb global_colors_info=\u00a0\u00bb{}\u00a0\u00bb][et_pb_text _builder_version=\u00a0\u00bb4.18.0&Prime; _module_preset=\u00a0\u00bbd37bc0f3-d1b1-4b57-8659-164c53f88e24&Prime; text_font=\u00a0\u00bbArial||||||||\u00a0\u00bb text_text_color=\u00a0\u00bb#000000&Prime; custom_margin=\u00a0\u00bb|-3px||||\u00a0\u00bb custom_padding=\u00a0\u00bb7px|||||\u00a0\u00bb global_colors_info=\u00a0\u00bb{}\u00a0\u00bb]<\/p>\n<h1><strong>Enterrement de vie gar\u00e7on\/jeune fille (EVG\/EVJF)<\/strong><\/h1>\n<p>&nbsp;<\/p>\n<p style=\"text-align: justify;\"><span style=\"color: #000000;\"><strong>Vous organisez un EVG ou EVJF sur Dinard, Saint Lunaire, Saint Briac, Lancieux, La Richardais, Pleutuit\u2026..<\/strong><\/span><\/p>\n<p style=\"text-align: justify;\"><span style=\"color: #000000;\"><strong>Vous voulez passer un moment inoubliable, vivre une exp\u00e9rience exceptionnelle entre amis avec une activit\u00e9 accessible \u00e0 tous et toutes, alors nous sommes l\u00e0 pour vous.<\/strong><\/span><\/p>\n<p style=\"text-align: justify;\"><span style=\"color: #000000;\"><strong>Vous aurez aussi la possibilit\u00e9 de repartir avec une vid\u00e9o souvenir de votre activit\u00e9.<\/strong><\/span><\/p>\n<p>[\/et_pb_text][\/et_pb_column][et_pb_column type=\u00a0\u00bb1_3&Prime; _builder_version=\u00a0\u00bb4.18.0&Prime; _module_preset=\u00a0\u00bbdefault\u00a0\u00bb global_colors_info=\u00a0\u00bb{}\u00a0\u00bb][et_pb_image src=\u00a0\u00bbhttps:\/\/www.dinard-sensations-tractees.fr\/wp-content\/uploads\/2023\/05\/PXL_20230520_145739524.MP_-scaled.jpg\u00a0\u00bb title_text=\u00a0\u00bbPXL_20230520_145739524.MP\u00a0\u00bb align=\u00a0\u00bbcenter\u00a0\u00bb _builder_version=\u00a0\u00bb4.18.0&Prime; _module_preset=\u00a0\u00bbdefault\u00a0\u00bb width=\u00a0\u00bb73%\u00a0\u00bb width_tablet=\u00a0\u00bb62%\u00a0\u00bb width_phone=\u00a0\u00bb62%\u00a0\u00bb width_last_edited=\u00a0\u00bbon|phone\u00a0\u00bb custom_margin=\u00a0\u00bb||1px|||\u00a0\u00bb custom_padding=\u00a0\u00bb||0px|||\u00a0\u00bb border_radii=\u00a0\u00bbon|25px|25px|25px|25px\u00a0\u00bb border_width_all=\u00a0\u00bb3px\u00a0\u00bb border_color_all=\u00a0\u00bb#e00b00&Prime; global_colors_info=\u00a0\u00bb{}\u00a0\u00bb][\/et_pb_image][\/et_pb_column][\/et_pb_row][et_pb_row column_structure=\u00a0\u00bb2_3,1_3&Prime; _builder_version=\u00a0\u00bb4.18.0&Prime; _module_preset=\u00a0\u00bbdefault\u00a0\u00bb global_colors_info=\u00a0\u00bb{}\u00a0\u00bb][et_pb_column type=\u00a0\u00bb2_3&Prime; _builder_version=\u00a0\u00bb4.18.0&Prime; _module_preset=\u00a0\u00bbdefault\u00a0\u00bb global_colors_info=\u00a0\u00bb{}\u00a0\u00bb][et_pb_text _builder_version=\u00a0\u00bb4.18.0&Prime; _module_preset=\u00a0\u00bbd37bc0f3-d1b1-4b57-8659-164c53f88e24&Prime; text_font=\u00a0\u00bbArial||||||||\u00a0\u00bb custom_margin=\u00a0\u00bb|-3px||||\u00a0\u00bb custom_padding=\u00a0\u00bb7px|||||\u00a0\u00bb global_colors_info=\u00a0\u00bb{}\u00a0\u00bb]<\/p>\n<h1><span style=\"color: #e00b00;\"><strong>Comite d\u2019entreprise<\/strong><\/span><\/h1>\n<p>&nbsp;<\/p>\n<p><span style=\"color: #000000;\"><strong>Si vous souhaitez faire profiter de l\u2019activit\u00e9 \u00e0 vos coll\u00e8gues avec des tarifs pr\u00e9f\u00e9rentiel via <\/strong><\/span><span style=\"color: #000000;\"><strong>votre comit\u00e9 d\u2019entreprise, nous pouvons signer une convention avec celle-ci.<\/strong><\/span><\/p>\n<p><span style=\"color: #000000;\"><strong>Pour plus de renseignements, prendre un contact t\u00e9l\u00e9phonique.<\/strong><\/span><\/p>\n<p><span style=\"color: #e00b00;\"><strong>2 solutions de r\u00e9servations :<\/strong><\/span><\/p>\n<p><span style=\"color: #000000;\"><strong>&#8211; via un contact mail Dinard.sensations.tractees@gmail.com<\/strong><\/span><br \/><span style=\"color: #000000;\"><strong>&#8211; via un contact t\u00e9l\u00e9phonique au 07.69.46.64.81<\/strong><\/span><\/p>\n<p>[\/et_pb_text][\/et_pb_column][et_pb_column type=\u00a0\u00bb1_3&Prime; _builder_version=\u00a0\u00bb4.18.0&Prime; _module_preset=\u00a0\u00bbdefault\u00a0\u00bb global_colors_info=\u00a0\u00bb{}\u00a0\u00bb][et_pb_image src=\u00a0\u00bbhttps:\/\/www.dinard-sensations-tractees.fr\/wp-content\/uploads\/2025\/02\/2024-08-05__MG_6529-scaled.jpg\u00a0\u00bb title_text=\u00a0\u00bb2024-08-05__MG_6529&Prime; _builder_version=\u00a0\u00bb4.18.0&Prime; _module_preset=\u00a0\u00bbdefault\u00a0\u00bb min_height=\u00a0\u00bb171.1px\u00a0\u00bb custom_padding=\u00a0\u00bb||4px|0px||\u00a0\u00bb border_radii=\u00a0\u00bbon|25px|25px|25px|25px\u00a0\u00bb border_width_all=\u00a0\u00bb3px\u00a0\u00bb border_color_all=\u00a0\u00bb#e00b00&Prime; global_colors_info=\u00a0\u00bb{}\u00a0\u00bb][\/et_pb_image][\/et_pb_column][\/et_pb_row][et_pb_row _builder_version=\u00a0\u00bb4.18.0&Prime; _module_preset=\u00a0\u00bbdefault\u00a0\u00bb width=\u00a0\u00bb100%\u00a0\u00bb max_width=\u00a0\u00bb2560px\u00a0\u00bb custom_padding=\u00a0\u00bb||0px||false|false\u00a0\u00bb global_colors_info=\u00a0\u00bb{}\u00a0\u00bb][et_pb_column type=\u00a0\u00bb4_4&Prime; _builder_version=\u00a0\u00bb4.18.0&Prime; _module_preset=\u00a0\u00bbdefault\u00a0\u00bb global_colors_info=\u00a0\u00bb{}\u00a0\u00bb][et_pb_text _builder_version=\u00a0\u00bb4.18.0&Prime; _module_preset=\u00a0\u00bb7e5153db-317e-4ba7-9087-58cb11f5e24b\u00a0\u00bb text_font=\u00a0\u00bbArial||||||||\u00a0\u00bb text_text_color=\u00a0\u00bb#FFFFFF\u00a0\u00bb text_font_size=\u00a0\u00bb16px\u00a0\u00bb text_letter_spacing=\u00a0\u00bb2px\u00a0\u00bb text_line_height=\u00a0\u00bb1.7em\u00a0\u00bb header_font=\u00a0\u00bbComic Neue||||||||\u00a0\u00bb header_text_color=\u00a0\u00bb#e00b00&Prime; header_font_size=\u00a0\u00bb30px\u00a0\u00bb header_letter_spacing=\u00a0\u00bb2px\u00a0\u00bb header_2_font=\u00a0\u00bbComic Neue||||||||\u00a0\u00bb header_2_text_color=\u00a0\u00bb#e00b00&Prime; header_2_font_size=\u00a0\u00bb30px\u00a0\u00bb header_2_letter_spacing=\u00a0\u00bb2px\u00a0\u00bb header_3_font=\u00a0\u00bbComic Neue||||||||\u00a0\u00bb header_3_text_color=\u00a0\u00bb#e00b00&Prime; header_3_font_size=\u00a0\u00bb30px\u00a0\u00bb header_3_letter_spacing=\u00a0\u00bb2px\u00a0\u00bb header_4_font=\u00a0\u00bbComic Neue||||||||\u00a0\u00bb header_4_text_color=\u00a0\u00bb#E00B00&Prime; header_4_font_size=\u00a0\u00bb30px\u00a0\u00bb header_4_letter_spacing=\u00a0\u00bb2px\u00a0\u00bb text_orientation=\u00a0\u00bbleft\u00a0\u00bb min_height=\u00a0\u00bb236px\u00a0\u00bb custom_margin=\u00a0\u00bb|-3px||||\u00a0\u00bb custom_padding=\u00a0\u00bb7px||||false|false\u00a0\u00bb custom_padding_tablet=\u00a0\u00bb33px||||false|false\u00a0\u00bb custom_padding_phone=\u00a0\u00bb12px||||false|false\u00a0\u00bb custom_padding_last_edited=\u00a0\u00bbon|phone\u00a0\u00bb border_width_top=\u00a0\u00bb5px\u00a0\u00bb border_color_top=\u00a0\u00bb#E00B00&Prime; global_module=\u00a0\u00bb327&Prime; saved_tabs=\u00a0\u00bball\u00a0\u00bb global_colors_info=\u00a0\u00bb{}\u00a0\u00bb]<\/p>\n<h1 style=\"text-align: center;\"><strong><i><\/i><\/strong><\/h1>\n<h1 style=\"text-align: center;\"><strong><i><\/i><\/strong><\/h1>\n<h1 style=\"text-align: center;\"><strong><i><\/i><\/strong><\/h1>\n<h1 style=\"text-align: center;\"><strong><i><\/i><\/strong><\/h1>\n<h1 style=\"text-align: center;\"><strong><i>SAS PLKS FUN TEAM<\/i><\/strong><\/h1>\n<div>\n<p style=\"text-align: center;\">35800 DINARD<br \/>Port :<span style=\"color: #ff0000;\"> <a href=\"06.12.53.01.06\" style=\"color: #ff0000;\">07.69.46.64.81<\/a><\/span><br \/>Email :\u00a0<span style=\"color: #ff0000;\"><a href=\"mailto:dinard.sensations.tractees@gmail.com\" target=\"_blank\" rel=\"noopener\" style=\"color: #ff0000;\">dinard.sensations.tractees@<wbr \/>gmail.com<\/a><\/span><\/p>\n<div style=\"text-align: center;\">SIRET: 920 131 570 00011<\/div>\n<div style=\"text-align: center;\">Carte professionnelle: 03501ED0103<\/div>\n<\/div>\n<p style=\"text-align: center;\">\n[\/et_pb_text][\/et_pb_column][\/et_pb_row][\/et_pb_section]<\/p>\n","protected":false},"excerpt":{"rendered":"<p>&nbsp; &nbsp;Groupe &nbsp; Nous vous proposons une activit\u00e9 particuli\u00e8rement adapt\u00e9 pour les centres de loisirs ou les espaces parce qu\u2019elle accessible \u00e0 tout les publics \u00e0 partir de 8 ans. Le moniteur poss\u00e8de un Brevet d\u2019Etat d\u2019Educateur Sportif 2\u00e8me degr\u00e9 avec plus 20 ans d&rsquo;exp\u00e9riences pour r\u00e9pondre \u00e0 votre projet p\u00e9dagogique. Nous vous garantissons un [&hellip;]<\/p>\n","protected":false},"author":1,"featured_media":0,"parent":0,"menu_order":0,"comment_status":"closed","ping_status":"closed","template":"","meta":{"_et_pb_use_builder":"on","_et_pb_old_content":"<!-- wp:divi\/placeholder \/-->","_et_gb_content_width":"","footnotes":""},"class_list":["post-58","page","type-page","status-publish","hentry"],"yoast_head":"<!-- This site is optimized with the Yoast SEO plugin v25.5 - https:\/\/yoast.com\/wordpress\/plugins\/seo\/ -->\n<title>Groupe - Bou\u00e9e Tract\u00e9e<\/title>\n<meta name=\"description\" content=\"Offrez-vous un tour de bou\u00e9e tract\u00e9e de 15 minutes pour vivre une exp\u00e9rience unique et d\u00e9couvrir la Baie de Dinard et de Saint-Malo\" \/>\n<meta name=\"robots\" content=\"index, follow, max-snippet:-1, max-image-preview:large, max-video-preview:-1\" \/>\n<link rel=\"canonical\" href=\"https:\/\/www.dinard-sensations-tractees.fr\/fr\/groupe\/\" \/>\n<meta property=\"og:locale\" content=\"fr_FR\" \/>\n<meta property=\"og:type\" content=\"article\" \/>\n<meta property=\"og:title\" content=\"Groupe - Bou\u00e9e Tract\u00e9e\" \/>\n<meta property=\"og:description\" content=\"Offrez-vous un tour de bou\u00e9e tract\u00e9e de 15 minutes pour vivre une exp\u00e9rience unique et d\u00e9couvrir la Baie de Dinard et de Saint-Malo\" \/>\n<meta property=\"og:url\" content=\"https:\/\/www.dinard-sensations-tractees.fr\/fr\/groupe\/\" \/>\n<meta property=\"og:site_name\" content=\"Bou\u00e9e Tract\u00e9e\" \/>\n<meta property=\"article:modified_time\" content=\"2025-03-17T18:43:16+00:00\" \/>\n<meta name=\"twitter:card\" content=\"summary_large_image\" \/>\n<meta name=\"twitter:label1\" content=\"Dur\u00e9e de lecture estim\u00e9e\" \/>\n\t<meta name=\"twitter:data1\" content=\"3 minutes\" \/>\n<script type=\"application\/ld+json\" class=\"yoast-schema-graph\">{\"@context\":\"https:\/\/schema.org\",\"@graph\":[{\"@type\":\"WebPage\",\"@id\":\"https:\/\/www.dinard-sensations-tractees.fr\/fr\/groupe\/\",\"url\":\"https:\/\/www.dinard-sensations-tractees.fr\/fr\/groupe\/\",\"name\":\"Groupe - Bou\u00e9e Tract\u00e9e\",\"isPartOf\":{\"@id\":\"https:\/\/www.dinard-sensations-tractees.fr\/#website\"},\"datePublished\":\"2022-10-22T16:27:25+00:00\",\"dateModified\":\"2025-03-17T18:43:16+00:00\",\"description\":\"Offrez-vous un tour de bou\u00e9e tract\u00e9e de 15 minutes pour vivre une exp\u00e9rience unique et d\u00e9couvrir la Baie de Dinard et de Saint-Malo\",\"breadcrumb\":{\"@id\":\"https:\/\/www.dinard-sensations-tractees.fr\/fr\/groupe\/#breadcrumb\"},\"inLanguage\":\"fr-FR\",\"potentialAction\":[{\"@type\":\"ReadAction\",\"target\":[\"https:\/\/www.dinard-sensations-tractees.fr\/fr\/groupe\/\"]}]},{\"@type\":\"BreadcrumbList\",\"@id\":\"https:\/\/www.dinard-sensations-tractees.fr\/fr\/groupe\/#breadcrumb\",\"itemListElement\":[{\"@type\":\"ListItem\",\"position\":1,\"name\":\"Accueil\",\"item\":\"https:\/\/www.dinard-sensations-tractees.fr\/\"},{\"@type\":\"ListItem\",\"position\":2,\"name\":\"Groupe\"}]},{\"@type\":\"WebSite\",\"@id\":\"https:\/\/www.dinard-sensations-tractees.fr\/#website\",\"url\":\"https:\/\/www.dinard-sensations-tractees.fr\/\",\"name\":\"Bou\u00e9e Tract\u00e9e Dinard\",\"description\":\"Dinard sensation tract\u00e9es\",\"publisher\":{\"@id\":\"https:\/\/www.dinard-sensations-tractees.fr\/#organization\"},\"potentialAction\":[{\"@type\":\"SearchAction\",\"target\":{\"@type\":\"EntryPoint\",\"urlTemplate\":\"https:\/\/www.dinard-sensations-tractees.fr\/?s={search_term_string}\"},\"query-input\":{\"@type\":\"PropertyValueSpecification\",\"valueRequired\":true,\"valueName\":\"search_term_string\"}}],\"inLanguage\":\"fr-FR\"},{\"@type\":\"Organization\",\"@id\":\"https:\/\/www.dinard-sensations-tractees.fr\/#organization\",\"name\":\"Bou\u00e9e tract\u00e9e Dinard\",\"url\":\"https:\/\/www.dinard-sensations-tractees.fr\/\",\"logo\":{\"@type\":\"ImageObject\",\"inLanguage\":\"fr-FR\",\"@id\":\"https:\/\/www.dinard-sensations-tractees.fr\/#\/schema\/logo\/image\/\",\"url\":\"http:\/\/www.dinard-sensations-tractees.fr\/wp-content\/uploads\/2022\/12\/Logo-DST-V1-png.png\",\"contentUrl\":\"http:\/\/www.dinard-sensations-tractees.fr\/wp-content\/uploads\/2022\/12\/Logo-DST-V1-png.png\",\"width\":8000,\"height\":4500,\"caption\":\"Bou\u00e9e tract\u00e9e Dinard\"},\"image\":{\"@id\":\"https:\/\/www.dinard-sensations-tractees.fr\/#\/schema\/logo\/image\/\"}}]}<\/script>\n<!-- \/ Yoast SEO plugin. -->","yoast_head_json":{"title":"Groupe - Bou\u00e9e Tract\u00e9e","description":"Offrez-vous un tour de bou\u00e9e tract\u00e9e de 15 minutes pour vivre une exp\u00e9rience unique et d\u00e9couvrir la Baie de Dinard et de Saint-Malo","robots":{"index":"index","follow":"follow","max-snippet":"max-snippet:-1","max-image-preview":"max-image-preview:large","max-video-preview":"max-video-preview:-1"},"canonical":"https:\/\/www.dinard-sensations-tractees.fr\/fr\/groupe\/","og_locale":"fr_FR","og_type":"article","og_title":"Groupe - Bou\u00e9e Tract\u00e9e","og_description":"Offrez-vous un tour de bou\u00e9e tract\u00e9e de 15 minutes pour vivre une exp\u00e9rience unique et d\u00e9couvrir la Baie de Dinard et de Saint-Malo","og_url":"https:\/\/www.dinard-sensations-tractees.fr\/fr\/groupe\/","og_site_name":"Bou\u00e9e Tract\u00e9e","article_modified_time":"2025-03-17T18:43:16+00:00","twitter_card":"summary_large_image","twitter_misc":{"Dur\u00e9e de lecture estim\u00e9e":"3 minutes"},"schema":{"@context":"https:\/\/schema.org","@graph":[{"@type":"WebPage","@id":"https:\/\/www.dinard-sensations-tractees.fr\/fr\/groupe\/","url":"https:\/\/www.dinard-sensations-tractees.fr\/fr\/groupe\/","name":"Groupe - Bou\u00e9e Tract\u00e9e","isPartOf":{"@id":"https:\/\/www.dinard-sensations-tractees.fr\/#website"},"datePublished":"2022-10-22T16:27:25+00:00","dateModified":"2025-03-17T18:43:16+00:00","description":"Offrez-vous un tour de bou\u00e9e tract\u00e9e de 15 minutes pour vivre une exp\u00e9rience unique et d\u00e9couvrir la Baie de Dinard et de Saint-Malo","breadcrumb":{"@id":"https:\/\/www.dinard-sensations-tractees.fr\/fr\/groupe\/#breadcrumb"},"inLanguage":"fr-FR","potentialAction":[{"@type":"ReadAction","target":["https:\/\/www.dinard-sensations-tractees.fr\/fr\/groupe\/"]}]},{"@type":"BreadcrumbList","@id":"https:\/\/www.dinard-sensations-tractees.fr\/fr\/groupe\/#breadcrumb","itemListElement":[{"@type":"ListItem","position":1,"name":"Accueil","item":"https:\/\/www.dinard-sensations-tractees.fr\/"},{"@type":"ListItem","position":2,"name":"Groupe"}]},{"@type":"WebSite","@id":"https:\/\/www.dinard-sensations-tractees.fr\/#website","url":"https:\/\/www.dinard-sensations-tractees.fr\/","name":"Bou\u00e9e Tract\u00e9e Dinard","description":"Dinard sensation tract\u00e9es","publisher":{"@id":"https:\/\/www.dinard-sensations-tractees.fr\/#organization"},"potentialAction":[{"@type":"SearchAction","target":{"@type":"EntryPoint","urlTemplate":"https:\/\/www.dinard-sensations-tractees.fr\/?s={search_term_string}"},"query-input":{"@type":"PropertyValueSpecification","valueRequired":true,"valueName":"search_term_string"}}],"inLanguage":"fr-FR"},{"@type":"Organization","@id":"https:\/\/www.dinard-sensations-tractees.fr\/#organization","name":"Bou\u00e9e tract\u00e9e Dinard","url":"https:\/\/www.dinard-sensations-tractees.fr\/","logo":{"@type":"ImageObject","inLanguage":"fr-FR","@id":"https:\/\/www.dinard-sensations-tractees.fr\/#\/schema\/logo\/image\/","url":"http:\/\/www.dinard-sensations-tractees.fr\/wp-content\/uploads\/2022\/12\/Logo-DST-V1-png.png","contentUrl":"http:\/\/www.dinard-sensations-tractees.fr\/wp-content\/uploads\/2022\/12\/Logo-DST-V1-png.png","width":8000,"height":4500,"caption":"Bou\u00e9e tract\u00e9e Dinard"},"image":{"@id":"https:\/\/www.dinard-sensations-tractees.fr\/#\/schema\/logo\/image\/"}}]}},"_links":{"self":[{"href":"https:\/\/www.dinard-sensations-tractees.fr\/fr\/wp-json\/wp\/v2\/pages\/58","targetHints":{"allow":["GET"]}}],"collection":[{"href":"https:\/\/www.dinard-sensations-tractees.fr\/fr\/wp-json\/wp\/v2\/pages"}],"about":[{"href":"https:\/\/www.dinard-sensations-tractees.fr\/fr\/wp-json\/wp\/v2\/types\/page"}],"author":[{"embeddable":true,"href":"https:\/\/www.dinard-sensations-tractees.fr\/fr\/wp-json\/wp\/v2\/users\/1"}],"replies":[{"embeddable":true,"href":"https:\/\/www.dinard-sensations-tractees.fr\/fr\/wp-json\/wp\/v2\/comments?post=58"}],"version-history":[{"count":57,"href":"https:\/\/www.dinard-sensations-tractees.fr\/fr\/wp-json\/wp\/v2\/pages\/58\/revisions"}],"predecessor-version":[{"id":661,"href":"https:\/\/www.dinard-sensations-tractees.fr\/fr\/wp-json\/wp\/v2\/pages\/58\/revisions\/661"}],"wp:attachment":[{"href":"https:\/\/www.dinard-sensations-tractees.fr\/fr\/wp-json\/wp\/v2\/media?parent=58"}],"curies":[{"name":"wp","href":"https:\/\/api.w.org\/{rel}","templated":true}]}}