{"id":60,"date":"2022-10-22T18:27:54","date_gmt":"2022-10-22T16:27:54","guid":{"rendered":"http:\/\/www.dinard-sensations-tractees.fr\/?page_id=60"},"modified":"2025-03-17T19:10:28","modified_gmt":"2025-03-17T18:10:28","slug":"ou-nous-trouver","status":"publish","type":"page","link":"https:\/\/www.dinard-sensations-tractees.fr\/en\/ou-nous-trouver\/","title":{"rendered":"Ou nous trouver"},"content":{"rendered":"<p>[et_pb_section fb_built=&#8221;1&#8243; fullwidth=&#8221;on&#8221; _builder_version=&#8221;4.18.0&#8243; _module_preset=&#8221;default&#8221; width=&#8221;100%&#8221; max_width=&#8221;100%&#8221; custom_padding=&#8221;||0px||false|false&#8221; global_colors_info=&#8221;{}&#8221;][et_pb_fullwidth_header text_orientation=&#8221;center&#8221; _builder_version=&#8221;4.18.0&#8243; _module_preset=&#8221;default&#8221; title_text_align=&#8221;center&#8221; title_text_color=&#8221;#FFFFFF&#8221; title_font_size=&#8221;31px&#8221; title_letter_spacing=&#8221;1px&#8221; content_text_align=&#8221;center&#8221; content_font_size=&#8221;16px&#8221; content_ol_font_size=&#8221;15px&#8221; background_image=&#8221;https:\/\/www.dinard-sensations-tractees.fr\/wp-content\/uploads\/2022\/12\/@Jo-Labbe-Dinard-promenade-du-Clair-de-Lune-13-scaled.jpg&#8221; width=&#8221;100%&#8221; max_width=&#8221;100%&#8221; min_height=&#8221;400px&#8221; custom_margin=&#8221;||0px||false|false&#8221; custom_padding=&#8221;||0px||false|false&#8221; content_text_shadow_style=&#8221;preset1&#8243; border_width_top=&#8221;5px&#8221; border_color_top=&#8221;#E00B00&#8243; border_width_bottom=&#8221;5px&#8221; border_color_bottom=&#8221;#E00B00&#8243; global_colors_info=&#8221;{}&#8221;][\/et_pb_fullwidth_header][\/et_pb_section][et_pb_section fb_built=&#8221;1&#8243; _builder_version=&#8221;4.18.0&#8243; _module_preset=&#8221;default&#8221; background_image=&#8221;https:\/\/www.dinard-sensations-tractees.fr\/wp-content\/uploads\/2025\/03\/PXL_20230603_121743311-scaled.jpg&#8221; global_colors_info=&#8221;{}&#8221;][et_pb_row _builder_version=&#8221;4.18.0&#8243; _module_preset=&#8221;default&#8221; global_colors_info=&#8221;{}&#8221;][et_pb_column type=&#8221;4_4&#8243; _builder_version=&#8221;4.18.0&#8243; _module_preset=&#8221;default&#8221; global_colors_info=&#8221;{}&#8221;][et_pb_text _builder_version=&#8221;4.18.0&#8243; _module_preset=&#8221;d37bc0f3-d1b1-4b57-8659-164c53f88e24&#8243; global_colors_info=&#8221;{}&#8221;]<\/p>\n<h1><strong>Notre adresse<\/strong><\/h1>\n<p>[\/et_pb_text][\/et_pb_column][\/et_pb_row][et_pb_row _builder_version=&#8221;4.18.0&#8243; _module_preset=&#8221;default&#8221; global_colors_info=&#8221;{}&#8221;][et_pb_column type=&#8221;4_4&#8243; _builder_version=&#8221;4.18.0&#8243; _module_preset=&#8221;default&#8221; global_colors_info=&#8221;{}&#8221;][et_pb_map address=&#8221;Prom. du Clair de Lune, 35800 Dinard, France&#8221; address_lat=&#8221;48.6329602&#8243; address_lng=&#8221;-2.0511623&#8243; _builder_version=&#8221;4.18.0&#8243; _module_preset=&#8221;default&#8221; global_colors_info=&#8221;{}&#8221;][et_pb_map_pin title=&#8221;Dinard sensations tract\u00e9es&#8221; pin_address=&#8221;Prom. du Clair de Lune, 35800 Dinard, France&#8221; pin_address_lat=&#8221;48.6329602&#8243; pin_address_lng=&#8221;-2.0511623&#8243; _builder_version=&#8221;4.18.0&#8243; _module_preset=&#8221;default&#8221; global_colors_info=&#8221;{}&#8221;][\/et_pb_map_pin][\/et_pb_map][\/et_pb_column][\/et_pb_row][et_pb_row _builder_version=&#8221;4.18.0&#8243; _module_preset=&#8221;default&#8221; width=&#8221;100%&#8221; max_width=&#8221;2560px&#8221; custom_padding=&#8221;||0px||false|false&#8221; global_colors_info=&#8221;{}&#8221;][et_pb_column type=&#8221;4_4&#8243; _builder_version=&#8221;4.18.0&#8243; _module_preset=&#8221;default&#8221; global_colors_info=&#8221;{}&#8221;][et_pb_text _builder_version=&#8221;4.18.0&#8243; _module_preset=&#8221;7e5153db-317e-4ba7-9087-58cb11f5e24b&#8221; text_font=&#8221;Arial||||||||&#8221; text_text_color=&#8221;#FFFFFF&#8221; text_font_size=&#8221;16px&#8221; text_letter_spacing=&#8221;2px&#8221; header_font=&#8221;Comic Neue||||||||&#8221; header_text_color=&#8221;#e00b00&#8243; header_letter_spacing=&#8221;2px&#8221; header_2_font=&#8221;Comic Neue||||||||&#8221; header_2_text_color=&#8221;#e00b00&#8243; header_2_font_size=&#8221;30px&#8221; header_2_letter_spacing=&#8221;2px&#8221; header_3_font=&#8221;Comic Neue||||||||&#8221; header_3_text_color=&#8221;#e00b00&#8243; header_3_font_size=&#8221;30px&#8221; header_3_letter_spacing=&#8221;2px&#8221; header_4_font=&#8221;Comic Neue||||||||&#8221; header_4_text_color=&#8221;#E00B00&#8243; header_4_font_size=&#8221;30px&#8221; header_4_letter_spacing=&#8221;2px&#8221; min_height=&#8221;236px&#8221; custom_margin=&#8221;|-3px||||&#8221; custom_padding=&#8221;7px||||false|false&#8221; custom_padding_tablet=&#8221;33px||||false|false&#8221; custom_padding_phone=&#8221;12px||||false|false&#8221; custom_padding_last_edited=&#8221;on|phone&#8221; border_width_top=&#8221;5px&#8221; border_color_top=&#8221;#E00B00&#8243; global_module=&#8221;327&#8243; saved_tabs=&#8221;all&#8221; global_colors_info=&#8221;{}&#8221; text_line_height=&#8221;1.7em&#8221; header_font_size=&#8221;30px&#8221; text_orientation=&#8221;left&#8221; hover_enabled=&#8221;0&#8243; sticky_enabled=&#8221;0&#8243;]<\/p>\n<h1 style=\"text-align: center;\"><strong><i><\/i><\/strong><\/h1>\n<h1 style=\"text-align: center;\"><strong><i><\/i><\/strong><\/h1>\n<h1 style=\"text-align: center;\"><strong><i><\/i><\/strong><\/h1>\n<h1 style=\"text-align: center;\"><strong><i><\/i><\/strong><\/h1>\n<h1 style=\"text-align: center;\"><strong><i>SAS PLKS FUN TEAM<\/i><\/strong><\/h1>\n<div>\n<p style=\"text-align: center;\">35800 DINARD<br \/>Port :<span style=\"color: #ff0000;\"> <a href=\"06.12.53.01.06\" style=\"color: #ff0000;\">07.69.46.64.81<\/a><\/span><br \/>Email :\u00a0<span style=\"color: #ff0000;\"><a href=\"mailto:dinard.sensations.tractees@gmail.com\" target=\"_blank\" rel=\"noopener\" style=\"color: #ff0000;\">dinard.sensations.tractees@<wbr \/>gmail.com<\/a><\/span><\/p>\n<div style=\"text-align: center;\">SIRET: 920 131 570 00011<\/div>\n<div style=\"text-align: center;\">Carte professionnelle: 03501ED0103<\/div>\n<\/div>\n<p style=\"text-align: center;\">[\/et_pb_text][\/et_pb_column][\/et_pb_row][\/et_pb_section]<\/p>\n","protected":false},"excerpt":{"rendered":"<p>Notre adresse SAS PLKS FUN TEAM 35800 DINARDPort : 07.69.46.64.81Email :\u00a0dinard.sensations.tractees@gmail.com SIRET: 920 131 570 00011 Carte professionnelle: 03501ED0103<\/p>\n","protected":false},"author":1,"featured_media":0,"parent":0,"menu_order":0,"comment_status":"closed","ping_status":"closed","template":"","meta":{"_et_pb_use_builder":"on","_et_pb_old_content":"<!-- wp:divi\/placeholder \/-->","_et_gb_content_width":"","footnotes":""},"class_list":["post-60","page","type-page","status-publish","hentry"],"yoast_head":"<!-- This site is optimized with the Yoast SEO plugin v25.5 - https:\/\/yoast.com\/wordpress\/plugins\/seo\/ -->\n<title>Ou nous trouver - Bou\u00e9e Tract\u00e9e<\/title>\n<meta name=\"description\" content=\"[et_pb_section fb_built=&quot;1&quot; fullwidth=&quot;on&quot; _builder_version=&quot;4.18.0&quot; _module_preset=&quot;default&quot; width=&quot;100%&quot; max_width=&quot;100%&quot; custom_padding=&quot;||0px||false|false&quot; global_colors_info=&quot;{}&quot;][et_pb_fullwidth_header text_orientation=&quot;center&quot; _builder_version=&quot;4.18.0&quot; _module_preset=&quot;default&quot; title_text_align=&quot;center&quot; title_text_color=&quot;#FFFFFF&quot; title_font_size=&quot;31px&quot; title_letter_spacing=&quot;1px&quot; content_text_align=&quot;center&quot; content_font_size=&quot;16px&quot; content_ol_font_size=&quot;15px&quot; background_image=&quot;https:\/\/www.dinard-sensations-tractees.fr\/wp-content\/uploads\/2022\/12\/@Jo-Labbe-Dinard-promenade-du-Clair-de-Lune-13-scaled.jpg&quot; width=&quot;100%&quot; max_width=&quot;100%&quot; min_height=&quot;400px&quot; custom_margin=&quot;||0px||false|false&quot; custom_padding=&quot;||0px||false|false&quot; content_text_shadow_style=&quot;preset1&quot; border_width_top=&quot;5px&quot; border_color_top=&quot;#E00B00&quot; border_width_bottom=&quot;5px&quot; border_color_bottom=&quot;#E00B00&quot; global_colors_info=&quot;{}&quot;][\/et_pb_fullwidth_header][\/et_pb_section][et_pb_section fb_built=&quot;1&quot; _builder_version=&quot;4.18.0&quot; _module_preset=&quot;default&quot; background_image=&quot;https:\/\/www.dinard-sensations-tractees.fr\/wp-content\/uploads\/2025\/03\/PXL_20230603_121743311-scaled.jpg&quot; global_colors_info=&quot;{}&quot;][et_pb_row _builder_version=&quot;4.18.0&quot; _module_preset=&quot;default&quot; global_colors_info=&quot;{}&quot;][et_pb_column type=&quot;4_4&quot; _builder_version=&quot;4.18.0&quot; _module_preset=&quot;default&quot; global_colors_info=&quot;{}&quot;][et_pb_text _builder_version=&quot;4.18.0&quot; _module_preset=&quot;d37bc0f3-d1b1-4b57-8659-164c53f88e24&quot; global_colors_info=&quot;{}&quot;]Notre adresse[\/et_pb_text][\/et_pb_column][\/et_pb_row][et_pb_row _builder_version=&quot;4.18.0&quot; _module_preset=&quot;default&quot; global_colors_info=&quot;{}&quot;][et_pb_column type=&quot;4_4&quot; _builder_version=&quot;4.18.0&quot; _module_preset=&quot;default&quot; global_colors_info=&quot;{}&quot;][et_pb_map address=&quot;Prom.&hellip;\" \/>\n<meta name=\"robots\" content=\"index, follow, max-snippet:-1, max-image-preview:large, max-video-preview:-1\" \/>\n<link rel=\"canonical\" href=\"https:\/\/www.dinard-sensations-tractees.fr\/en\/ou-nous-trouver\/\" \/>\n<meta property=\"og:locale\" content=\"en_US\" \/>\n<meta property=\"og:type\" content=\"article\" \/>\n<meta property=\"og:title\" content=\"Ou nous trouver - Bou\u00e9e Tract\u00e9e\" \/>\n<meta property=\"og:description\" content=\"[et_pb_section fb_built=&quot;1&quot; fullwidth=&quot;on&quot; _builder_version=&quot;4.18.0&quot; _module_preset=&quot;default&quot; width=&quot;100%&quot; max_width=&quot;100%&quot; custom_padding=&quot;||0px||false|false&quot; global_colors_info=&quot;{}&quot;][et_pb_fullwidth_header text_orientation=&quot;center&quot; _builder_version=&quot;4.18.0&quot; _module_preset=&quot;default&quot; title_text_align=&quot;center&quot; title_text_color=&quot;#FFFFFF&quot; title_font_size=&quot;31px&quot; title_letter_spacing=&quot;1px&quot; content_text_align=&quot;center&quot; content_font_size=&quot;16px&quot; content_ol_font_size=&quot;15px&quot; background_image=&quot;https:\/\/www.dinard-sensations-tractees.fr\/wp-content\/uploads\/2022\/12\/@Jo-Labbe-Dinard-promenade-du-Clair-de-Lune-13-scaled.jpg&quot; width=&quot;100%&quot; max_width=&quot;100%&quot; min_height=&quot;400px&quot; custom_margin=&quot;||0px||false|false&quot; custom_padding=&quot;||0px||false|false&quot; content_text_shadow_style=&quot;preset1&quot; border_width_top=&quot;5px&quot; border_color_top=&quot;#E00B00&quot; border_width_bottom=&quot;5px&quot; border_color_bottom=&quot;#E00B00&quot; global_colors_info=&quot;{}&quot;][\/et_pb_fullwidth_header][\/et_pb_section][et_pb_section fb_built=&quot;1&quot; _builder_version=&quot;4.18.0&quot; _module_preset=&quot;default&quot; background_image=&quot;https:\/\/www.dinard-sensations-tractees.fr\/wp-content\/uploads\/2025\/03\/PXL_20230603_121743311-scaled.jpg&quot; global_colors_info=&quot;{}&quot;][et_pb_row _builder_version=&quot;4.18.0&quot; _module_preset=&quot;default&quot; global_colors_info=&quot;{}&quot;][et_pb_column type=&quot;4_4&quot; _builder_version=&quot;4.18.0&quot; _module_preset=&quot;default&quot; global_colors_info=&quot;{}&quot;][et_pb_text _builder_version=&quot;4.18.0&quot; _module_preset=&quot;d37bc0f3-d1b1-4b57-8659-164c53f88e24&quot; global_colors_info=&quot;{}&quot;]Notre adresse[\/et_pb_text][\/et_pb_column][\/et_pb_row][et_pb_row _builder_version=&quot;4.18.0&quot; _module_preset=&quot;default&quot; global_colors_info=&quot;{}&quot;][et_pb_column type=&quot;4_4&quot; _builder_version=&quot;4.18.0&quot; _module_preset=&quot;default&quot; global_colors_info=&quot;{}&quot;][et_pb_map address=&quot;Prom.&hellip;\" \/>\n<meta property=\"og:url\" content=\"https:\/\/www.dinard-sensations-tractees.fr\/en\/ou-nous-trouver\/\" \/>\n<meta property=\"og:site_name\" content=\"Bou\u00e9e Tract\u00e9e\" \/>\n<meta property=\"article:modified_time\" content=\"2025-03-17T18:10:28+00:00\" \/>\n<meta name=\"twitter:card\" content=\"summary_large_image\" \/>\n<meta name=\"twitter:label1\" content=\"Est. reading time\" \/>\n\t<meta name=\"twitter:data1\" content=\"3 minutes\" \/>\n<script type=\"application\/ld+json\" class=\"yoast-schema-graph\">{\"@context\":\"https:\/\/schema.org\",\"@graph\":[{\"@type\":\"WebPage\",\"@id\":\"https:\/\/www.dinard-sensations-tractees.fr\/en\/en\/ou-nous-trouver\/\",\"url\":\"https:\/\/www.dinard-sensations-tractees.fr\/en\/en\/ou-nous-trouver\/\",\"name\":\"Ou nous trouver - Bou\u00e9e Tract\u00e9e\",\"isPartOf\":{\"@id\":\"https:\/\/www.dinard-sensations-tractees.fr\/#website\"},\"datePublished\":\"2022-10-22T16:27:54+00:00\",\"dateModified\":\"2025-03-17T18:10:28+00:00\",\"breadcrumb\":{\"@id\":\"https:\/\/www.dinard-sensations-tractees.fr\/en\/ou-nous-trouver\/#breadcrumb\"},\"inLanguage\":\"en-US\",\"potentialAction\":[{\"@type\":\"ReadAction\",\"target\":[\"https:\/\/www.dinard-sensations-tractees.fr\/en\/ou-nous-trouver\/\"]}]},{\"@type\":\"BreadcrumbList\",\"@id\":\"https:\/\/www.dinard-sensations-tractees.fr\/en\/ou-nous-trouver\/#breadcrumb\",\"itemListElement\":[{\"@type\":\"ListItem\",\"position\":1,\"name\":\"accueil\",\"item\":\"https:\/\/www.dinard-sensations-tractees.fr\/\"},{\"@type\":\"ListItem\",\"position\":2,\"name\":\"Ou nous trouver\"}]},{\"@type\":\"WebSite\",\"@id\":\"https:\/\/www.dinard-sensations-tractees.fr\/en\/#website\",\"url\":\"https:\/\/www.dinard-sensations-tractees.fr\/en\/\",\"name\":\"Bou\u00e9e Tract\u00e9e Dinard\",\"description\":\"Dinard sensation tract\u00e9es\",\"publisher\":{\"@id\":\"https:\/\/www.dinard-sensations-tractees.fr\/en\/#organization\"},\"potentialAction\":[{\"@type\":\"SearchAction\",\"target\":{\"@type\":\"EntryPoint\",\"urlTemplate\":\"https:\/\/www.dinard-sensations-tractees.fr\/en\/?s={search_term_string}\"},\"query-input\":{\"@type\":\"PropertyValueSpecification\",\"valueRequired\":true,\"valueName\":\"search_term_string\"}}],\"inLanguage\":\"en-US\"},{\"@type\":\"Organization\",\"@id\":\"https:\/\/www.dinard-sensations-tractees.fr\/en\/#organization\",\"name\":\"Bou\u00e9e tract\u00e9e Dinard\",\"url\":\"https:\/\/www.dinard-sensations-tractees.fr\/en\/\",\"logo\":{\"@type\":\"ImageObject\",\"inLanguage\":\"en-US\",\"@id\":\"https:\/\/www.dinard-sensations-tractees.fr\/en\/#\/schema\/logo\/image\/\",\"url\":\"http:\/\/www.dinard-sensations-tractees.fr\/wp-content\/uploads\/2022\/12\/Logo-DST-V1-png.png\",\"contentUrl\":\"http:\/\/www.dinard-sensations-tractees.fr\/wp-content\/uploads\/2022\/12\/Logo-DST-V1-png.png\",\"width\":8000,\"height\":4500,\"caption\":\"Bou\u00e9e tract\u00e9e Dinard\"},\"image\":{\"@id\":\"https:\/\/www.dinard-sensations-tractees.fr\/en\/#\/schema\/logo\/image\/\"}}]}<\/script>\n<!-- \/ Yoast SEO plugin. -->","yoast_head_json":{"title":"Ou nous trouver - Bou\u00e9e Tract\u00e9e","description":"[et_pb_section fb_built=\"1\" fullwidth=\"on\" _builder_version=\"4.18.0\" _module_preset=\"default\" width=\"100%\" max_width=\"100%\" custom_padding=\"||0px||false|false\" global_colors_info=\"{}\"][et_pb_fullwidth_header text_orientation=\"center\" _builder_version=\"4.18.0\" _module_preset=\"default\" title_text_align=\"center\" title_text_color=\"#FFFFFF\" title_font_size=\"31px\" title_letter_spacing=\"1px\" content_text_align=\"center\" content_font_size=\"16px\" content_ol_font_size=\"15px\" background_image=\"https:\/\/www.dinard-sensations-tractees.fr\/wp-content\/uploads\/2022\/12\/@Jo-Labbe-Dinard-promenade-du-Clair-de-Lune-13-scaled.jpg\" width=\"100%\" max_width=\"100%\" min_height=\"400px\" custom_margin=\"||0px||false|false\" custom_padding=\"||0px||false|false\" content_text_shadow_style=\"preset1\" border_width_top=\"5px\" border_color_top=\"#E00B00\" border_width_bottom=\"5px\" border_color_bottom=\"#E00B00\" global_colors_info=\"{}\"][\/et_pb_fullwidth_header][\/et_pb_section][et_pb_section fb_built=\"1\" _builder_version=\"4.18.0\" _module_preset=\"default\" background_image=\"https:\/\/www.dinard-sensations-tractees.fr\/wp-content\/uploads\/2025\/03\/PXL_20230603_121743311-scaled.jpg\" global_colors_info=\"{}\"][et_pb_row _builder_version=\"4.18.0\" _module_preset=\"default\" global_colors_info=\"{}\"][et_pb_column type=\"4_4\" _builder_version=\"4.18.0\" _module_preset=\"default\" global_colors_info=\"{}\"][et_pb_text _builder_version=\"4.18.0\" _module_preset=\"d37bc0f3-d1b1-4b57-8659-164c53f88e24\" global_colors_info=\"{}\"]Notre adresse[\/et_pb_text][\/et_pb_column][\/et_pb_row][et_pb_row _builder_version=\"4.18.0\" _module_preset=\"default\" global_colors_info=\"{}\"][et_pb_column type=\"4_4\" _builder_version=\"4.18.0\" _module_preset=\"default\" global_colors_info=\"{}\"][et_pb_map address=\"Prom.&hellip;","robots":{"index":"index","follow":"follow","max-snippet":"max-snippet:-1","max-image-preview":"max-image-preview:large","max-video-preview":"max-video-preview:-1"},"canonical":"https:\/\/www.dinard-sensations-tractees.fr\/en\/ou-nous-trouver\/","og_locale":"en_US","og_type":"article","og_title":"Ou nous trouver - Bou\u00e9e Tract\u00e9e","og_description":"[et_pb_section fb_built=\"1\" fullwidth=\"on\" _builder_version=\"4.18.0\" _module_preset=\"default\" width=\"100%\" max_width=\"100%\" custom_padding=\"||0px||false|false\" global_colors_info=\"{}\"][et_pb_fullwidth_header text_orientation=\"center\" _builder_version=\"4.18.0\" _module_preset=\"default\" title_text_align=\"center\" title_text_color=\"#FFFFFF\" title_font_size=\"31px\" title_letter_spacing=\"1px\" content_text_align=\"center\" content_font_size=\"16px\" content_ol_font_size=\"15px\" background_image=\"https:\/\/www.dinard-sensations-tractees.fr\/wp-content\/uploads\/2022\/12\/@Jo-Labbe-Dinard-promenade-du-Clair-de-Lune-13-scaled.jpg\" width=\"100%\" max_width=\"100%\" min_height=\"400px\" custom_margin=\"||0px||false|false\" custom_padding=\"||0px||false|false\" content_text_shadow_style=\"preset1\" border_width_top=\"5px\" border_color_top=\"#E00B00\" border_width_bottom=\"5px\" border_color_bottom=\"#E00B00\" global_colors_info=\"{}\"][\/et_pb_fullwidth_header][\/et_pb_section][et_pb_section fb_built=\"1\" _builder_version=\"4.18.0\" _module_preset=\"default\" background_image=\"https:\/\/www.dinard-sensations-tractees.fr\/wp-content\/uploads\/2025\/03\/PXL_20230603_121743311-scaled.jpg\" global_colors_info=\"{}\"][et_pb_row _builder_version=\"4.18.0\" _module_preset=\"default\" global_colors_info=\"{}\"][et_pb_column type=\"4_4\" _builder_version=\"4.18.0\" _module_preset=\"default\" global_colors_info=\"{}\"][et_pb_text _builder_version=\"4.18.0\" _module_preset=\"d37bc0f3-d1b1-4b57-8659-164c53f88e24\" global_colors_info=\"{}\"]Notre adresse[\/et_pb_text][\/et_pb_column][\/et_pb_row][et_pb_row _builder_version=\"4.18.0\" _module_preset=\"default\" global_colors_info=\"{}\"][et_pb_column type=\"4_4\" _builder_version=\"4.18.0\" _module_preset=\"default\" global_colors_info=\"{}\"][et_pb_map address=\"Prom.&hellip;","og_url":"https:\/\/www.dinard-sensations-tractees.fr\/en\/ou-nous-trouver\/","og_site_name":"Bou\u00e9e Tract\u00e9e","article_modified_time":"2025-03-17T18:10:28+00:00","twitter_card":"summary_large_image","twitter_misc":{"Est. reading time":"3 minutes"},"schema":{"@context":"https:\/\/schema.org","@graph":[{"@type":"WebPage","@id":"https:\/\/www.dinard-sensations-tractees.fr\/en\/en\/ou-nous-trouver\/","url":"https:\/\/www.dinard-sensations-tractees.fr\/en\/en\/ou-nous-trouver\/","name":"Ou nous trouver - Bou\u00e9e Tract\u00e9e","isPartOf":{"@id":"https:\/\/www.dinard-sensations-tractees.fr\/#website"},"datePublished":"2022-10-22T16:27:54+00:00","dateModified":"2025-03-17T18:10:28+00:00","breadcrumb":{"@id":"https:\/\/www.dinard-sensations-tractees.fr\/en\/ou-nous-trouver\/#breadcrumb"},"inLanguage":"en-US","potentialAction":[{"@type":"ReadAction","target":["https:\/\/www.dinard-sensations-tractees.fr\/en\/ou-nous-trouver\/"]}]},{"@type":"BreadcrumbList","@id":"https:\/\/www.dinard-sensations-tractees.fr\/en\/ou-nous-trouver\/#breadcrumb","itemListElement":[{"@type":"ListItem","position":1,"name":"accueil","item":"https:\/\/www.dinard-sensations-tractees.fr\/"},{"@type":"ListItem","position":2,"name":"Ou nous trouver"}]},{"@type":"WebSite","@id":"https:\/\/www.dinard-sensations-tractees.fr\/en\/#website","url":"https:\/\/www.dinard-sensations-tractees.fr\/en\/","name":"Bou\u00e9e Tract\u00e9e Dinard","description":"Dinard sensation tract\u00e9es","publisher":{"@id":"https:\/\/www.dinard-sensations-tractees.fr\/en\/#organization"},"potentialAction":[{"@type":"SearchAction","target":{"@type":"EntryPoint","urlTemplate":"https:\/\/www.dinard-sensations-tractees.fr\/en\/?s={search_term_string}"},"query-input":{"@type":"PropertyValueSpecification","valueRequired":true,"valueName":"search_term_string"}}],"inLanguage":"en-US"},{"@type":"Organization","@id":"https:\/\/www.dinard-sensations-tractees.fr\/en\/#organization","name":"Bou\u00e9e tract\u00e9e Dinard","url":"https:\/\/www.dinard-sensations-tractees.fr\/en\/","logo":{"@type":"ImageObject","inLanguage":"en-US","@id":"https:\/\/www.dinard-sensations-tractees.fr\/en\/#\/schema\/logo\/image\/","url":"http:\/\/www.dinard-sensations-tractees.fr\/wp-content\/uploads\/2022\/12\/Logo-DST-V1-png.png","contentUrl":"http:\/\/www.dinard-sensations-tractees.fr\/wp-content\/uploads\/2022\/12\/Logo-DST-V1-png.png","width":8000,"height":4500,"caption":"Bou\u00e9e tract\u00e9e Dinard"},"image":{"@id":"https:\/\/www.dinard-sensations-tractees.fr\/en\/#\/schema\/logo\/image\/"}}]}},"_links":{"self":[{"href":"https:\/\/www.dinard-sensations-tractees.fr\/en\/wp-json\/wp\/v2\/pages\/60","targetHints":{"allow":["GET"]}}],"collection":[{"href":"https:\/\/www.dinard-sensations-tractees.fr\/en\/wp-json\/wp\/v2\/pages"}],"about":[{"href":"https:\/\/www.dinard-sensations-tractees.fr\/en\/wp-json\/wp\/v2\/types\/page"}],"author":[{"embeddable":true,"href":"https:\/\/www.dinard-sensations-tractees.fr\/en\/wp-json\/wp\/v2\/users\/1"}],"replies":[{"embeddable":true,"href":"https:\/\/www.dinard-sensations-tractees.fr\/en\/wp-json\/wp\/v2\/comments?post=60"}],"version-history":[{"count":27,"href":"https:\/\/www.dinard-sensations-tractees.fr\/en\/wp-json\/wp\/v2\/pages\/60\/revisions"}],"predecessor-version":[{"id":659,"href":"https:\/\/www.dinard-sensations-tractees.fr\/en\/wp-json\/wp\/v2\/pages\/60\/revisions\/659"}],"wp:attachment":[{"href":"https:\/\/www.dinard-sensations-tractees.fr\/en\/wp-json\/wp\/v2\/media?parent=60"}],"curies":[{"name":"wp","href":"https:\/\/api.w.org\/{rel}","templated":true}]}}