{"id":58,"date":"2022-10-22T18:27:25","date_gmt":"2022-10-22T16:27:25","guid":{"rendered":"http:\/\/www.dinard-sensations-tractees.fr\/?page_id=58"},"modified":"2025-03-17T19:43:16","modified_gmt":"2025-03-17T18:43:16","slug":"groupe","status":"publish","type":"page","link":"https:\/\/www.dinard-sensations-tractees.fr\/en\/groupe\/","title":{"rendered":"Groupe"},"content":{"rendered":"<p>[et_pb_section fb_built=&#8221;1&#8243; fullwidth=&#8221;on&#8221; _builder_version=&#8221;4.18.0&#8243; _module_preset=&#8221;default&#8221; width=&#8221;100%&#8221; max_width=&#8221;100%&#8221; custom_padding=&#8221;||0px||false|false&#8221; global_colors_info=&#8221;{}&#8221;][et_pb_fullwidth_header text_orientation=&#8221;center&#8221; title_tablet=&#8221;&#8221; title_phone=&#8221;&#8221; title_last_edited=&#8221;on|desktop&#8221; _builder_version=&#8221;4.18.0&#8243; _module_preset=&#8221;default&#8221; title_text_align=&#8221;center&#8221; title_text_color=&#8221;#FFFFFF&#8221; title_font_size=&#8221;31px&#8221; title_letter_spacing=&#8221;1px&#8221; content_text_align=&#8221;center&#8221; content_font_size=&#8221;16px&#8221; content_ol_font_size=&#8221;15px&#8221; background_image=&#8221;https:\/\/www.dinard-sensations-tractees.fr\/wp-content\/uploads\/2025\/02\/DINARD-SENSATIONS.jpg&#8221; background_position=&#8221;bottom_left&#8221; background_horizontal_offset=&#8221;0%&#8221; background_vertical_offset=&#8221;59%&#8221; width=&#8221;100%&#8221; max_width=&#8221;100%&#8221; min_height=&#8221;533px&#8221; min_height_tablet=&#8221;264px&#8221; min_height_phone=&#8221;264px&#8221; min_height_last_edited=&#8221;on|desktop&#8221; custom_margin=&#8221;||0px||false|false&#8221; custom_padding=&#8221;||0px||false|false&#8221; background_last_edited=&#8221;on|phone&#8221; parallax_phone=&#8221;off&#8221; background_size_phone=&#8221;cover&#8221; background_horizontal_offset_phone=&#8221;-1%&#8221; content_text_shadow_style=&#8221;preset1&#8243; content_text_shadow_vertical_length=&#8221;0.05em&#8221; border_width_top=&#8221;5px&#8221; border_color_top=&#8221;#E00B00&#8243; border_width_bottom=&#8221;5px&#8221; border_color_bottom=&#8221;#E00B00&#8243; locked=&#8221;off&#8221; global_colors_info=&#8221;{}&#8221;]<\/p>\n<p>&nbsp;<\/p>\n<p>&nbsp;<\/p>\n<p>[\/et_pb_fullwidth_header][\/et_pb_section][et_pb_section fb_built=&#8221;1&#8243; _builder_version=&#8221;4.18.0&#8243; _module_preset=&#8221;default&#8221; background_image=&#8221;https:\/\/www.dinard-sensations-tractees.fr\/wp-content\/uploads\/2025\/03\/PXL_20230603_121743311-scaled.jpg&#8221; custom_margin=&#8221;||0px||false|false&#8221; global_colors_info=&#8221;{}&#8221;][et_pb_row column_structure=&#8221;2_3,1_3&#8243; _builder_version=&#8221;4.18.0&#8243; _module_preset=&#8221;default&#8221; width=&#8221;81.1%&#8221; min_height=&#8221;338px&#8221; custom_padding=&#8221;20px|||0px||&#8221; global_colors_info=&#8221;{}&#8221;][et_pb_column type=&#8221;2_3&#8243; _builder_version=&#8221;4.18.0&#8243; _module_preset=&#8221;default&#8221; global_colors_info=&#8221;{}&#8221;][et_pb_text _builder_version=&#8221;4.18.0&#8243; _module_preset=&#8221;d37bc0f3-d1b1-4b57-8659-164c53f88e24&#8243; text_font=&#8221;Arial||||||||&#8221; custom_margin=&#8221;|-3px||||&#8221; custom_padding=&#8221;7px|||||&#8221; global_colors_info=&#8221;{}&#8221;]<\/p>\n<h1><strong>Groupe<\/strong><\/h1>\n<p>&nbsp;<\/p>\n<p><span style=\"color: #000000;\"><strong>Nous vous proposons une activit\u00e9 particuli\u00e8rement adapt\u00e9 pour les centres de loisirs ou les espaces parce qu\u2019elle accessible \u00e0 tout les publics \u00e0 partir de 8 ans.<\/strong><\/span><\/p>\n<p><span style=\"color: #000000;\"><strong>Le moniteur poss\u00e8de un Brevet d\u2019Etat d\u2019Educateur Sportif 2\u00e8me degr\u00e9 avec plus 20 ans d&#8217;exp\u00e9riences pour r\u00e9pondre \u00e0 votre projet p\u00e9dagogique.<\/strong><\/span><\/p>\n<p><span style=\"color: #000000;\"><strong>Nous vous garantissons un moment de complicit\u00e9 fort entre les jeunes, afin que ces<\/strong><\/span><br \/><span style=\"color: #000000;\"><strong>derniers repartent plein de bons souvenirs en t\u00eate et en ayant v\u00e9cu une exp\u00e9rience<\/strong><\/span><br \/><span style=\"color: #000000;\"><strong>sensationnelle.<\/strong><\/span><\/p>\n<p><span style=\"color: #000000;\"><strong>Nous fournissons du mat\u00e9riel ( combinaison n\u00e9opr\u00e8ne et gilet de sauvetage) adapt\u00e9 \u00e0 toute les tailles enfants.<\/strong><\/span><\/p>\n<p>[\/et_pb_text][\/et_pb_column][et_pb_column type=&#8221;1_3&#8243; _builder_version=&#8221;4.18.0&#8243; _module_preset=&#8221;default&#8221; global_colors_info=&#8221;{}&#8221;][et_pb_image src=&#8221;https:\/\/www.dinard-sensations-tractees.fr\/wp-content\/uploads\/2023\/05\/GROUPE-BOUEES-TRACTEES-scaled.jpg&#8221; alt=&#8221;GROUPE BOUEES TRACTEES&#8221; title_text=&#8221;GROUPE BOUEES TRACTEES&#8221; _builder_version=&#8221;4.18.0&#8243; _module_preset=&#8221;b58051bb-6b9b-42ae-8570-b799866779cf&#8221; min_height=&#8221;281.7px&#8221; custom_margin=&#8221;||2px|||&#8221; custom_padding=&#8221;35px|||||&#8221; border_width_all=&#8221;3px&#8221; global_colors_info=&#8221;{}&#8221;][\/et_pb_image][\/et_pb_column][\/et_pb_row][et_pb_row column_structure=&#8221;2_3,1_3&#8243; _builder_version=&#8221;4.18.0&#8243; _module_preset=&#8221;default&#8221; custom_padding=&#8221;||0px|||&#8221; global_colors_info=&#8221;{}&#8221;][et_pb_column type=&#8221;2_3&#8243; _builder_version=&#8221;4.18.0&#8243; _module_preset=&#8221;default&#8221; global_colors_info=&#8221;{}&#8221;][et_pb_text _builder_version=&#8221;4.18.0&#8243; _module_preset=&#8221;d37bc0f3-d1b1-4b57-8659-164c53f88e24&#8243; text_font=&#8221;Arial||||||||&#8221; text_text_color=&#8221;#000000&#8243; custom_margin=&#8221;|-3px||||&#8221; custom_padding=&#8221;7px|||||&#8221; global_colors_info=&#8221;{}&#8221;]<\/p>\n<h1><strong>Enterrement de vie gar\u00e7on\/jeune fille (EVG\/EVJF)<\/strong><\/h1>\n<p>&nbsp;<\/p>\n<p style=\"text-align: justify;\"><span style=\"color: #000000;\"><strong>Vous organisez un EVG ou EVJF sur Dinard, Saint Lunaire, Saint Briac, Lancieux, La Richardais, Pleutuit\u2026..<\/strong><\/span><\/p>\n<p style=\"text-align: justify;\"><span style=\"color: #000000;\"><strong>Vous voulez passer un moment inoubliable, vivre une exp\u00e9rience exceptionnelle entre amis avec une activit\u00e9 accessible \u00e0 tous et toutes, alors nous sommes l\u00e0 pour vous.<\/strong><\/span><\/p>\n<p style=\"text-align: justify;\"><span style=\"color: #000000;\"><strong>Vous aurez aussi la possibilit\u00e9 de repartir avec une vid\u00e9o souvenir de votre activit\u00e9.<\/strong><\/span><\/p>\n<p>[\/et_pb_text][\/et_pb_column][et_pb_column type=&#8221;1_3&#8243; _builder_version=&#8221;4.18.0&#8243; _module_preset=&#8221;default&#8221; global_colors_info=&#8221;{}&#8221;][et_pb_image src=&#8221;https:\/\/www.dinard-sensations-tractees.fr\/wp-content\/uploads\/2023\/05\/PXL_20230520_145739524.MP_-scaled.jpg&#8221; title_text=&#8221;PXL_20230520_145739524.MP&#8221; align=&#8221;center&#8221; _builder_version=&#8221;4.18.0&#8243; _module_preset=&#8221;default&#8221; width=&#8221;73%&#8221; width_tablet=&#8221;62%&#8221; width_phone=&#8221;62%&#8221; width_last_edited=&#8221;on|phone&#8221; custom_margin=&#8221;||1px|||&#8221; custom_padding=&#8221;||0px|||&#8221; border_radii=&#8221;on|25px|25px|25px|25px&#8221; border_width_all=&#8221;3px&#8221; border_color_all=&#8221;#e00b00&#8243; global_colors_info=&#8221;{}&#8221;][\/et_pb_image][\/et_pb_column][\/et_pb_row][et_pb_row column_structure=&#8221;2_3,1_3&#8243; _builder_version=&#8221;4.18.0&#8243; _module_preset=&#8221;default&#8221; global_colors_info=&#8221;{}&#8221;][et_pb_column type=&#8221;2_3&#8243; _builder_version=&#8221;4.18.0&#8243; _module_preset=&#8221;default&#8221; global_colors_info=&#8221;{}&#8221;][et_pb_text _builder_version=&#8221;4.18.0&#8243; _module_preset=&#8221;d37bc0f3-d1b1-4b57-8659-164c53f88e24&#8243; text_font=&#8221;Arial||||||||&#8221; custom_margin=&#8221;|-3px||||&#8221; custom_padding=&#8221;7px|||||&#8221; global_colors_info=&#8221;{}&#8221;]<\/p>\n<h1><span style=\"color: #e00b00;\"><strong>Comite d\u2019entreprise<\/strong><\/span><\/h1>\n<p>&nbsp;<\/p>\n<p><span style=\"color: #000000;\"><strong>Si vous souhaitez faire profiter de l\u2019activit\u00e9 \u00e0 vos coll\u00e8gues avec des tarifs pr\u00e9f\u00e9rentiel via <\/strong><\/span><span style=\"color: #000000;\"><strong>votre comit\u00e9 d\u2019entreprise, nous pouvons signer une convention avec celle-ci.<\/strong><\/span><\/p>\n<p><span style=\"color: #000000;\"><strong>Pour plus de renseignements, prendre un contact t\u00e9l\u00e9phonique.<\/strong><\/span><\/p>\n<p><span style=\"color: #e00b00;\"><strong>2 solutions de r\u00e9servations :<\/strong><\/span><\/p>\n<p><span style=\"color: #000000;\"><strong>&#8211; via un contact mail Dinard.sensations.tractees@gmail.com<\/strong><\/span><br \/><span style=\"color: #000000;\"><strong>&#8211; via un contact t\u00e9l\u00e9phonique au 07.69.46.64.81<\/strong><\/span><\/p>\n<p>[\/et_pb_text][\/et_pb_column][et_pb_column type=&#8221;1_3&#8243; _builder_version=&#8221;4.18.0&#8243; _module_preset=&#8221;default&#8221; global_colors_info=&#8221;{}&#8221;][et_pb_image src=&#8221;https:\/\/www.dinard-sensations-tractees.fr\/wp-content\/uploads\/2025\/02\/2024-08-05__MG_6529-scaled.jpg&#8221; title_text=&#8221;2024-08-05__MG_6529&#8243; _builder_version=&#8221;4.18.0&#8243; _module_preset=&#8221;default&#8221; min_height=&#8221;171.1px&#8221; custom_padding=&#8221;||4px|0px||&#8221; border_radii=&#8221;on|25px|25px|25px|25px&#8221; border_width_all=&#8221;3px&#8221; border_color_all=&#8221;#e00b00&#8243; global_colors_info=&#8221;{}&#8221;][\/et_pb_image][\/et_pb_column][\/et_pb_row][et_pb_row _builder_version=&#8221;4.18.0&#8243; _module_preset=&#8221;default&#8221; width=&#8221;100%&#8221; max_width=&#8221;2560px&#8221; custom_padding=&#8221;||0px||false|false&#8221; global_colors_info=&#8221;{}&#8221;][et_pb_column type=&#8221;4_4&#8243; _builder_version=&#8221;4.18.0&#8243; _module_preset=&#8221;default&#8221; global_colors_info=&#8221;{}&#8221;][et_pb_text _builder_version=&#8221;4.18.0&#8243; _module_preset=&#8221;7e5153db-317e-4ba7-9087-58cb11f5e24b&#8221; text_font=&#8221;Arial||||||||&#8221; text_text_color=&#8221;#FFFFFF&#8221; text_font_size=&#8221;16px&#8221; text_letter_spacing=&#8221;2px&#8221; text_line_height=&#8221;1.7em&#8221; header_font=&#8221;Comic Neue||||||||&#8221; header_text_color=&#8221;#e00b00&#8243; header_font_size=&#8221;30px&#8221; header_letter_spacing=&#8221;2px&#8221; header_2_font=&#8221;Comic Neue||||||||&#8221; header_2_text_color=&#8221;#e00b00&#8243; header_2_font_size=&#8221;30px&#8221; header_2_letter_spacing=&#8221;2px&#8221; header_3_font=&#8221;Comic Neue||||||||&#8221; header_3_text_color=&#8221;#e00b00&#8243; header_3_font_size=&#8221;30px&#8221; header_3_letter_spacing=&#8221;2px&#8221; header_4_font=&#8221;Comic Neue||||||||&#8221; header_4_text_color=&#8221;#E00B00&#8243; header_4_font_size=&#8221;30px&#8221; header_4_letter_spacing=&#8221;2px&#8221; text_orientation=&#8221;left&#8221; min_height=&#8221;236px&#8221; custom_margin=&#8221;|-3px||||&#8221; custom_padding=&#8221;7px||||false|false&#8221; custom_padding_tablet=&#8221;33px||||false|false&#8221; custom_padding_phone=&#8221;12px||||false|false&#8221; custom_padding_last_edited=&#8221;on|phone&#8221; border_width_top=&#8221;5px&#8221; border_color_top=&#8221;#E00B00&#8243; global_module=&#8221;327&#8243; saved_tabs=&#8221;all&#8221; global_colors_info=&#8221;{}&#8221;]<\/p>\n<h1 style=\"text-align: center;\"><strong><i><\/i><\/strong><\/h1>\n<h1 style=\"text-align: center;\"><strong><i><\/i><\/strong><\/h1>\n<h1 style=\"text-align: center;\"><strong><i><\/i><\/strong><\/h1>\n<h1 style=\"text-align: center;\"><strong><i><\/i><\/strong><\/h1>\n<h1 style=\"text-align: center;\"><strong><i>SAS PLKS FUN TEAM<\/i><\/strong><\/h1>\n<div>\n<p style=\"text-align: center;\">35800 DINARD<br \/>Port :<span style=\"color: #ff0000;\"> <a href=\"06.12.53.01.06\" style=\"color: #ff0000;\">07.69.46.64.81<\/a><\/span><br \/>Email :\u00a0<span style=\"color: #ff0000;\"><a href=\"mailto:dinard.sensations.tractees@gmail.com\" target=\"_blank\" rel=\"noopener\" style=\"color: #ff0000;\">dinard.sensations.tractees@<wbr \/>gmail.com<\/a><\/span><\/p>\n<div style=\"text-align: center;\">SIRET: 920 131 570 00011<\/div>\n<div style=\"text-align: center;\">Carte professionnelle: 03501ED0103<\/div>\n<\/div>\n<p style=\"text-align: center;\">\n[\/et_pb_text][\/et_pb_column][\/et_pb_row][\/et_pb_section]<\/p>\n","protected":false},"excerpt":{"rendered":"<p>&nbsp; &nbsp;Groupe &nbsp; Nous vous proposons une activit\u00e9 particuli\u00e8rement adapt\u00e9 pour les centres de loisirs ou les espaces parce qu\u2019elle accessible \u00e0 tout les publics \u00e0 partir de 8 ans. Le moniteur poss\u00e8de un Brevet d\u2019Etat d\u2019Educateur Sportif 2\u00e8me degr\u00e9 avec plus 20 ans d&#8217;exp\u00e9riences pour r\u00e9pondre \u00e0 votre projet p\u00e9dagogique. Nous vous garantissons un [&hellip;]<\/p>\n","protected":false},"author":1,"featured_media":0,"parent":0,"menu_order":0,"comment_status":"closed","ping_status":"closed","template":"","meta":{"_et_pb_use_builder":"on","_et_pb_old_content":"<!-- wp:divi\/placeholder \/-->","_et_gb_content_width":"","footnotes":""},"class_list":["post-58","page","type-page","status-publish","hentry"],"yoast_head":"<!-- This site is optimized with the Yoast SEO plugin v25.5 - https:\/\/yoast.com\/wordpress\/plugins\/seo\/ -->\n<title>Groupe - Bou\u00e9e Tract\u00e9e<\/title>\n<meta name=\"description\" content=\"Offrez-vous un tour de bou\u00e9e tract\u00e9e de 15 minutes pour vivre une exp\u00e9rience unique et d\u00e9couvrir la Baie de Dinard et de Saint-Malo\" \/>\n<meta name=\"robots\" content=\"index, follow, max-snippet:-1, max-image-preview:large, max-video-preview:-1\" \/>\n<link rel=\"canonical\" href=\"https:\/\/www.dinard-sensations-tractees.fr\/en\/groupe\/\" \/>\n<meta property=\"og:locale\" content=\"en_US\" \/>\n<meta property=\"og:type\" content=\"article\" \/>\n<meta property=\"og:title\" content=\"Groupe - Bou\u00e9e Tract\u00e9e\" \/>\n<meta property=\"og:description\" content=\"Offrez-vous un tour de bou\u00e9e tract\u00e9e de 15 minutes pour vivre une exp\u00e9rience unique et d\u00e9couvrir la Baie de Dinard et de Saint-Malo\" \/>\n<meta property=\"og:url\" content=\"https:\/\/www.dinard-sensations-tractees.fr\/en\/groupe\/\" \/>\n<meta property=\"og:site_name\" content=\"Bou\u00e9e Tract\u00e9e\" \/>\n<meta property=\"article:modified_time\" content=\"2025-03-17T18:43:16+00:00\" \/>\n<meta name=\"twitter:card\" content=\"summary_large_image\" \/>\n<meta name=\"twitter:label1\" content=\"Est. reading time\" \/>\n\t<meta name=\"twitter:data1\" content=\"3 minutes\" \/>\n<script type=\"application\/ld+json\" class=\"yoast-schema-graph\">{\"@context\":\"https:\/\/schema.org\",\"@graph\":[{\"@type\":\"WebPage\",\"@id\":\"https:\/\/www.dinard-sensations-tractees.fr\/en\/en\/groupe\/\",\"url\":\"https:\/\/www.dinard-sensations-tractees.fr\/en\/en\/groupe\/\",\"name\":\"Groupe - Bou\u00e9e Tract\u00e9e\",\"isPartOf\":{\"@id\":\"https:\/\/www.dinard-sensations-tractees.fr\/#website\"},\"datePublished\":\"2022-10-22T16:27:25+00:00\",\"dateModified\":\"2025-03-17T18:43:16+00:00\",\"description\":\"Offrez-vous un tour de bou\u00e9e tract\u00e9e de 15 minutes pour vivre une exp\u00e9rience unique et d\u00e9couvrir la Baie de Dinard et de Saint-Malo\",\"breadcrumb\":{\"@id\":\"https:\/\/www.dinard-sensations-tractees.fr\/en\/groupe\/#breadcrumb\"},\"inLanguage\":\"en-US\",\"potentialAction\":[{\"@type\":\"ReadAction\",\"target\":[\"https:\/\/www.dinard-sensations-tractees.fr\/en\/groupe\/\"]}]},{\"@type\":\"BreadcrumbList\",\"@id\":\"https:\/\/www.dinard-sensations-tractees.fr\/en\/groupe\/#breadcrumb\",\"itemListElement\":[{\"@type\":\"ListItem\",\"position\":1,\"name\":\"accueil\",\"item\":\"https:\/\/www.dinard-sensations-tractees.fr\/\"},{\"@type\":\"ListItem\",\"position\":2,\"name\":\"Groupe\"}]},{\"@type\":\"WebSite\",\"@id\":\"https:\/\/www.dinard-sensations-tractees.fr\/en\/#website\",\"url\":\"https:\/\/www.dinard-sensations-tractees.fr\/en\/\",\"name\":\"Bou\u00e9e Tract\u00e9e Dinard\",\"description\":\"Dinard sensation tract\u00e9es\",\"publisher\":{\"@id\":\"https:\/\/www.dinard-sensations-tractees.fr\/en\/#organization\"},\"potentialAction\":[{\"@type\":\"SearchAction\",\"target\":{\"@type\":\"EntryPoint\",\"urlTemplate\":\"https:\/\/www.dinard-sensations-tractees.fr\/en\/?s={search_term_string}\"},\"query-input\":{\"@type\":\"PropertyValueSpecification\",\"valueRequired\":true,\"valueName\":\"search_term_string\"}}],\"inLanguage\":\"en-US\"},{\"@type\":\"Organization\",\"@id\":\"https:\/\/www.dinard-sensations-tractees.fr\/en\/#organization\",\"name\":\"Bou\u00e9e tract\u00e9e Dinard\",\"url\":\"https:\/\/www.dinard-sensations-tractees.fr\/en\/\",\"logo\":{\"@type\":\"ImageObject\",\"inLanguage\":\"en-US\",\"@id\":\"https:\/\/www.dinard-sensations-tractees.fr\/en\/#\/schema\/logo\/image\/\",\"url\":\"http:\/\/www.dinard-sensations-tractees.fr\/wp-content\/uploads\/2022\/12\/Logo-DST-V1-png.png\",\"contentUrl\":\"http:\/\/www.dinard-sensations-tractees.fr\/wp-content\/uploads\/2022\/12\/Logo-DST-V1-png.png\",\"width\":8000,\"height\":4500,\"caption\":\"Bou\u00e9e tract\u00e9e Dinard\"},\"image\":{\"@id\":\"https:\/\/www.dinard-sensations-tractees.fr\/en\/#\/schema\/logo\/image\/\"}}]}<\/script>\n<!-- \/ Yoast SEO plugin. -->","yoast_head_json":{"title":"Groupe - Bou\u00e9e Tract\u00e9e","description":"Offrez-vous un tour de bou\u00e9e tract\u00e9e de 15 minutes pour vivre une exp\u00e9rience unique et d\u00e9couvrir la Baie de Dinard et de Saint-Malo","robots":{"index":"index","follow":"follow","max-snippet":"max-snippet:-1","max-image-preview":"max-image-preview:large","max-video-preview":"max-video-preview:-1"},"canonical":"https:\/\/www.dinard-sensations-tractees.fr\/en\/groupe\/","og_locale":"en_US","og_type":"article","og_title":"Groupe - Bou\u00e9e Tract\u00e9e","og_description":"Offrez-vous un tour de bou\u00e9e tract\u00e9e de 15 minutes pour vivre une exp\u00e9rience unique et d\u00e9couvrir la Baie de Dinard et de Saint-Malo","og_url":"https:\/\/www.dinard-sensations-tractees.fr\/en\/groupe\/","og_site_name":"Bou\u00e9e Tract\u00e9e","article_modified_time":"2025-03-17T18:43:16+00:00","twitter_card":"summary_large_image","twitter_misc":{"Est. reading time":"3 minutes"},"schema":{"@context":"https:\/\/schema.org","@graph":[{"@type":"WebPage","@id":"https:\/\/www.dinard-sensations-tractees.fr\/en\/en\/groupe\/","url":"https:\/\/www.dinard-sensations-tractees.fr\/en\/en\/groupe\/","name":"Groupe - Bou\u00e9e Tract\u00e9e","isPartOf":{"@id":"https:\/\/www.dinard-sensations-tractees.fr\/#website"},"datePublished":"2022-10-22T16:27:25+00:00","dateModified":"2025-03-17T18:43:16+00:00","description":"Offrez-vous un tour de bou\u00e9e tract\u00e9e de 15 minutes pour vivre une exp\u00e9rience unique et d\u00e9couvrir la Baie de Dinard et de Saint-Malo","breadcrumb":{"@id":"https:\/\/www.dinard-sensations-tractees.fr\/en\/groupe\/#breadcrumb"},"inLanguage":"en-US","potentialAction":[{"@type":"ReadAction","target":["https:\/\/www.dinard-sensations-tractees.fr\/en\/groupe\/"]}]},{"@type":"BreadcrumbList","@id":"https:\/\/www.dinard-sensations-tractees.fr\/en\/groupe\/#breadcrumb","itemListElement":[{"@type":"ListItem","position":1,"name":"accueil","item":"https:\/\/www.dinard-sensations-tractees.fr\/"},{"@type":"ListItem","position":2,"name":"Groupe"}]},{"@type":"WebSite","@id":"https:\/\/www.dinard-sensations-tractees.fr\/en\/#website","url":"https:\/\/www.dinard-sensations-tractees.fr\/en\/","name":"Bou\u00e9e Tract\u00e9e Dinard","description":"Dinard sensation tract\u00e9es","publisher":{"@id":"https:\/\/www.dinard-sensations-tractees.fr\/en\/#organization"},"potentialAction":[{"@type":"SearchAction","target":{"@type":"EntryPoint","urlTemplate":"https:\/\/www.dinard-sensations-tractees.fr\/en\/?s={search_term_string}"},"query-input":{"@type":"PropertyValueSpecification","valueRequired":true,"valueName":"search_term_string"}}],"inLanguage":"en-US"},{"@type":"Organization","@id":"https:\/\/www.dinard-sensations-tractees.fr\/en\/#organization","name":"Bou\u00e9e tract\u00e9e Dinard","url":"https:\/\/www.dinard-sensations-tractees.fr\/en\/","logo":{"@type":"ImageObject","inLanguage":"en-US","@id":"https:\/\/www.dinard-sensations-tractees.fr\/en\/#\/schema\/logo\/image\/","url":"http:\/\/www.dinard-sensations-tractees.fr\/wp-content\/uploads\/2022\/12\/Logo-DST-V1-png.png","contentUrl":"http:\/\/www.dinard-sensations-tractees.fr\/wp-content\/uploads\/2022\/12\/Logo-DST-V1-png.png","width":8000,"height":4500,"caption":"Bou\u00e9e tract\u00e9e Dinard"},"image":{"@id":"https:\/\/www.dinard-sensations-tractees.fr\/en\/#\/schema\/logo\/image\/"}}]}},"_links":{"self":[{"href":"https:\/\/www.dinard-sensations-tractees.fr\/en\/wp-json\/wp\/v2\/pages\/58","targetHints":{"allow":["GET"]}}],"collection":[{"href":"https:\/\/www.dinard-sensations-tractees.fr\/en\/wp-json\/wp\/v2\/pages"}],"about":[{"href":"https:\/\/www.dinard-sensations-tractees.fr\/en\/wp-json\/wp\/v2\/types\/page"}],"author":[{"embeddable":true,"href":"https:\/\/www.dinard-sensations-tractees.fr\/en\/wp-json\/wp\/v2\/users\/1"}],"replies":[{"embeddable":true,"href":"https:\/\/www.dinard-sensations-tractees.fr\/en\/wp-json\/wp\/v2\/comments?post=58"}],"version-history":[{"count":57,"href":"https:\/\/www.dinard-sensations-tractees.fr\/en\/wp-json\/wp\/v2\/pages\/58\/revisions"}],"predecessor-version":[{"id":661,"href":"https:\/\/www.dinard-sensations-tractees.fr\/en\/wp-json\/wp\/v2\/pages\/58\/revisions\/661"}],"wp:attachment":[{"href":"https:\/\/www.dinard-sensations-tractees.fr\/en\/wp-json\/wp\/v2\/media?parent=58"}],"curies":[{"name":"wp","href":"https:\/\/api.w.org\/{rel}","templated":true}]}}